{"id":1672,"date":"2025-08-06T08:47:29","date_gmt":"2025-08-06T08:47:29","guid":{"rendered":"https:\/\/vallrovi.com\/aviso-legal\/"},"modified":"2025-08-06T11:32:02","modified_gmt":"2025-08-06T11:32:02","slug":"aviso-legal","status":"publish","type":"page","link":"https:\/\/vallrovi.com\/es\/aviso-legal\/","title":{"rendered":"Aviso legal"},"content":{"rendered":"\n<style type=\"text\/css\" data-created_by=\"avia_inline_auto\" id=\"style-css-av-113ir-584a3eda24df9f1edd85250bfc3bae2b\">\n.flex_column.av-113ir-584a3eda24df9f1edd85250bfc3bae2b{\nborder-radius:0px 0px 0px 0px;\npadding:0px 0px 0px 0px;\n}\n<\/style>\n<div  class='flex_column av-113ir-584a3eda24df9f1edd85250bfc3bae2b av_one_full  avia-builder-el-0  avia-builder-el-no-sibling  first flex_column_div av-zero-column-padding  '     ><p>\n<style type=\"text\/css\" data-created_by=\"avia_inline_auto\" id=\"style-css-av-uauf-bc2d638c5314ad2cb55cfc79c65a7c36\">\n#top .av-special-heading.av-uauf-bc2d638c5314ad2cb55cfc79c65a7c36{\npadding-bottom:10px;\n}\nbody .av-special-heading.av-uauf-bc2d638c5314ad2cb55cfc79c65a7c36 .av-special-heading-tag .heading-char{\nfont-size:25px;\n}\n.av-special-heading.av-uauf-bc2d638c5314ad2cb55cfc79c65a7c36 .av-subheading{\nfont-size:15px;\n}\n<\/style>\n<div  class='av-special-heading av-uauf-bc2d638c5314ad2cb55cfc79c65a7c36 av-special-heading-h1 blockquote modern-quote  avia-builder-el-1  el_before_av_textblock  avia-builder-el-first '><h1 class='av-special-heading-tag '  itemprop=\"headline\"  >Aviso legal<\/h1><div class=\"special-heading-border\"><div class=\"special-heading-inner-border\"><\/div><\/div><\/div><br \/>\n<section  class='av_textblock_section av-jj8ft5xd-05a3b87b4dab9ff9b83f5ba4cdbeaa1b '   itemscope=\"itemscope\" itemtype=\"https:\/\/schema.org\/CreativeWork\" ><div class='avia_textblock'  itemprop=\"text\" ><h2>0. Objeto<\/h2>\n<p>El presente aviso legal regula el uso y utilizaci\u00f3n del sitio web www.vallrovi.com, del cual es titular Vallrovi, SL<\/p>\n<p>La navegaci\u00f3n por el sitio web de Vallrovi, SL le atribuye la condici\u00f3n de USUARIO del mismo y conlleva su aceptaci\u00f3n plena y sin reservas de todas y cada una de las condiciones publicadas en este aviso legal, advirtiendo que dichas condiciones pueden ser modificadas sin notificaci\u00f3n previa por parte de Vallrovi, SL, en cuyo caso se proceder\u00e1 a su publicaci\u00f3n y aviso con la m\u00e1xima antelaci\u00f3n posible.<\/p>\n<p>Por ello es recomendable leer atentamente su contenido en caso de desear acceder y hacer uso de la informaci\u00f3n y de los servicios ofrecidos desde este sitio web.<\/p>\n<p>El usuario adem\u00e1s, se obliga a hacer un uso correcto del sitio web de conformidad con las leyes, la buena fe, el orden p\u00fablico, los usos del tr\u00e1fico y el presente Aviso Legal, y responder\u00e1 frente a Vallrovi, SL o frente a terceros, de cualesquiera da\u00f1os y perjuicios que pudieran causarse como consecuencia del incumplimiento de dicha obligaci\u00f3n.<\/p>\n<p>Cualquier utilizaci\u00f3n distinta a la \u201cautorizada est\u00e1 expresamente prohibida, pudiendo Vallrovi, SL denegar o retirar el\u201d acceso y su uso en cualquier momento.<\/p>\n<h2>1. Identificaci\u00f3n<\/h2>\n<p>Vallrovi, SL, en cumplimiento de la Ley 34\/2002, de 11 de julio, de Servicios de la Sociedad de la Informaci\u00f3n y de Comercio Electr\u00f3nico, le informa que:<\/p>\n<ul>\n<li>Su denominaci\u00f3n social es: Vallrovi, SL<\/li>\n<li>Su nombre comercial es: Vallrovi.<\/li>\n<li>Su CIF es: B-60847670.<\/li>\n<li>Su domicilio social es: c\/ dels Ametllers, 14 (08670 Nav\u00e0s)<\/li>\n<li>Est\u00e1 inscrita en el Registro Mercantil de Barcelona<\/li>\n<\/ul>\n<h2>2. Comunicaciones<\/h2>\n<p>Para comunicarse con nosotros, ponemos a su disposici\u00f3n diferentes medios de contacto que detallamos a continuaci\u00f3n:<\/p>\n<ul>\n<li>Tel\u00e9fono<\/li>\n<li>Correo electr\u00f3nico<\/li>\n<\/ul>\n<p>Todas las notificaciones y comunicaciones entre los usuarios y Vallrovi, SL se considerar\u00e1n eficaces, a todos los efectos, cuando se realicen a trav\u00e9s de cualquier medio de los citados anteriormente<\/p>\n<h2>3. Condiciones de acceso y utilizaci\u00f3n<\/h2>\n<p>El sitio web y sus servicios son de \u201cacceso libre y gratuito. No obstante, Vallrovi, SL puede alterar sin previo aviso la utilizaci\u00f3n de\u201d algunos de los servicios ofrecidos en su web.<\/p>\n<p>El usuario garantiza la autenticidad y actualidad de todos aquellos datos que comunique a Vallrovi, SL y ser\u00e1 el \u00fanico responsable de las manifestaciones falsas o inexactas que realice.<\/p>\n<p>El usuario se compromete expresamente a hacer un uso adecuado de los contenidos y servicios de Vallrovi, SL y a no emplearlos para, entre otros:<\/p>\n<ol>\n<li>Difundir contenidos delictivos, violentos, pornogr\u00e1ficos, racistas, xen\u00f3fobos, ofensivos, de \u201capolog\u00eda del terrorismo o, en general, contrarios a la ley o al\u201d orden p\u00fablico.<\/li>\n<li>Introducir en la red virus inform\u00e1ticos o realizar actuaciones susceptibles de alterar, estropear, interrumpir o generar errores o da\u00f1os en los documentos electr\u00f3nicos, datos o sistemas f\u00edsicos y l\u00f3gicos de Vallrovi, SL o de terceras personas; as\u00ed como obstaculizar el acceso de otros usuarios al sitio web y a sus servicios mediante el consumo masivo de los recursos inform\u00e1ticos a trav\u00e9s de los cuales Vallrovi, SL presta sus servicios.<\/li>\n<li>Intentar acceder a las cuentas de correo electr\u00f3nico de \u201cotros usuarios o a \u00e1reas restringidas de los sistemas inform\u00e1ticos de Vallrovi, SL o de terceros y, en su caso, extraer informaci\u00f3n\u201d.<\/li>\n<li>Vulnerar los derechos de propiedad intelectual o industrial, as\u00ed como violar la confidencialidad de la informaci\u00f3n de Vallrovi, SL o de terceros.<\/li>\n<li>Suplantar la identidad de cualquier otro usuario.<\/li>\n<li>Reproducir, copiar, distribuir o modificar los contenidos, salvo que se cuente con la autorizaci\u00f3n del titular de los correspondientes derechos o ello resulte legalmente permitido.<\/li>\n<li>Recabar datos con finalidad publicitaria y de remitir publicidad de cualquier clase y comunicaciones con fines de venta u otros de naturaleza comercial sin que medie su previa solicitud o consentimiento.<\/li>\n<\/ol>\n<p>Todos los contenidos del sitio web, como textos, fotograf\u00edas, gr\u00e1ficos, im\u00e1genes, iconos, tecnolog\u00eda, software, as\u00ed como su dise\u00f1o gr\u00e1fico y c\u00f3digos fuente, constituyen una obra cuya propiedad pertenece a Vallrovi, SL, sin que puedan entenderse cedidos al usuario ninguno de los derechos de explotaci\u00f3n sobre los mismos m\u00e1s all\u00e1 de lo estrictamente necesario para el correcto uso de la web.<\/p>\n<p>En definitiva, los usuarios que accedan a este sitio web pueden visualizar los contenidos y efectuar, en su caso, copias privadas autorizadas siempre que los elementos reproducidos no sean cedidos posteriormente a terceros, ni \u201cinstalen a servidores conectados a redes, ni sean objeto de ning\u00fan tipo de\u201d explotaci\u00f3n.<\/p>\n<p>Asimismo, todas las marcas, nombres comerciales o signos distintivos de cualquier clase que aparecen en el sitio web son propiedad de Vallrovi, SL, sin que pueda entenderse que el \u201cuso o acceso al mismo atribuya al\u201d usuario derecho alguno sobre los mismos.<\/p>\n<p>La distribuci\u00f3n, modificaci\u00f3n, cesi\u00f3n o comunicaci\u00f3n p\u00fablica de los contenidos y cualquier otro acto que no haya sido expresamente autorizado por el titular de los derechos de explotaci\u00f3n quedan prohibidos.<\/p>\n<p>El establecimiento de un hiperenlace no implica en ning\u00fan caso la existencia de relaciones entre Vallrovi, SL y el propietario del sitio web en la que se establezca, ni la aceptaci\u00f3n y aprobaci\u00f3n por parte de Vallrovi, SL de sus contenidos o servicios.<\/p>\n<p>Vallrovi, SL no se responsabiliza del uso que cada usuario le d\u00e9 a los materiales puestos a disposici\u00f3n en este sitio web ni de las actuaciones que realice en base a los mismos.<\/p>\n<h3>3.1 Exclusi\u00f3n de garant\u00edas y de responsabilidad en el acceso y la utilizaci\u00f3n<\/h3>\n<p>El contenido del presente sitio web es de car\u00e1cter general y tiene una finalidad meramente informativa, sin que se garantice plenamente el acceso a todos los contenidos, ni su exhaustividad, correcci\u00f3n, vigencia o actualidad, ni su idoneidad o utilidad para un objetivo espec\u00edfico.<\/p>\n<p>Vallrovi, SL excluye, hasta donde permite el ordenamiento jur\u00eddico, cualquier responsabilidad por los da\u00f1os y perjuicios de toda naturaleza derivados de:<\/p>\n<ol>\n<li>La imposibilidad de \u201cacceso al sitio web o la falta de veracidad, exactitud, exhaustividad y\/o actualidad de los contenidos, as\u00ed como la\u201d existencia de vicios y defectos de toda clase de los contenidos transmitidos, difundidos, almacenados, puestos a disposici\u00f3n, a los que \u201chaya accedido a trav\u00e9s del sitio web o de los servicios que se\u201d ofrecen.<\/li>\n<li>La presencia de virus o de otros elementos en los contenidos que puedan producir alteraciones en los sistemas inform\u00e1ticos, documentos electr\u00f3nicos o datos de los usuarios.<\/li>\n<li>El incumplimiento de las leyes, la buena fe, el orden p\u00fablico, los usos del tr\u00e1fico y el presente aviso legal como consecuencia del uso incorrecto del sitio web. En particular, y a modo de ejemplo, Vallrovi, SL no se hace responsable de las actuaciones de terceros que vulneren derechos de propiedad intelectual e industrial, secretos empresariales, derechos al honor, a la intimidad personal y familiar y a la propia imagen, as\u00ed como la normativa en materia de competencia desleal y publicidad il\u00edcita.<\/li>\n<\/ol>\n<p>Asimismo, Vallrovi, SL declina cualquier responsabilidad respecto a la informaci\u00f3n que se halle fuera de \u201cesta web y no sea gestionada directamente por nuestro webmaster. La funci\u00f3n de los links externos que puedan aparecer en esta web es exclusivamente la de\u201d informar al \u201cusuario sobre la\u201d existencia de \u201cotras fuentes susceptibles de\u201d ampliar los contenidos que ofrece este sitio web. Vallrovi, SL no garantiza ni se responsabiliza del funcionamiento o accesibilidad de los sitios enlazados; ni sugiere, invita o recomienda la visita a los mismos, por lo que tampoco ser\u00e1 responsable del resultado obtenido. Vallrovi, SL no se responsabiliza del \u201cestablecimiento de\u201d hiperv\u00ednculos por parte de terceros.<\/p>\n<h3>3.2 Procedimiento en caso de realizaci\u00f3n de actividades de car\u00e1cter il\u00edcito<\/h3>\n<p>En el caso de que cualquier usuario o un tercero considere que existen hechos o circunstancias que revelen el car\u00e1cter il\u00edcito de la utilizaci\u00f3n de cualquier contenido y\/o de la realizaci\u00f3n de cualquier actividad en las p\u00e1ginas web incluidas o accesibles a trav\u00e9s del sitio web, deber\u00e1 enviar una notificaci\u00f3n a Vallrovi, SL identific\u00e1ndose debidamente y especificando las supuestas infracciones.<\/p>\n<h3>3.3 Publicaciones<\/h3>\n<p>La informaci\u00f3n administrativa facilitada a trav\u00e9s del sitio web no sustituye la publicidad legal de las leyes, normativas, planes, disposiciones generales y actos que hayan de ser publicados formalmente en los diarios oficiales de las administraciones p\u00fablicas, que constituyen el \u00fanico instrumento que da fe de su autenticidad y contenido. La informaci\u00f3n disponible en este sitio web debe entenderse como una gu\u00eda sin prop\u00f3sito de validez legal.<\/p>\n<h2>4. Legislaci\u00f3n aplicable<\/h2>\n<p>Las presentes condiciones se regir\u00e1n por la legislaci\u00f3n espa\u00f1ola vigente.<\/p>\n<h3>La lengua utilizada ser\u00e1 el Catal\u00e1n.<\/h3>\n<\/div><\/section><\/p><\/div>\n","protected":false},"excerpt":{"rendered":"","protected":false},"author":3,"featured_media":0,"parent":0,"menu_order":0,"comment_status":"closed","ping_status":"closed","template":"","meta":{"footnotes":""},"class_list":["post-1672","page","type-page","status-publish","hentry"],"yoast_head":"<!-- This site is optimized with the Yoast SEO plugin v27.5 - https:\/\/yoast.com\/product\/yoast-seo-wordpress\/ -->\n<title>Aviso legal - Vallrovi promocions<\/title>\n<meta name=\"robots\" content=\"index, follow, max-snippet:-1, max-image-preview:large, max-video-preview:-1\" \/>\n<link rel=\"canonical\" href=\"https:\/\/vallrovi.com\/es\/aviso-legal\/\" \/>\n<meta property=\"og:locale\" content=\"es_ES\" \/>\n<meta property=\"og:type\" content=\"article\" \/>\n<meta property=\"og:title\" content=\"Aviso legal - Vallrovi promocions\" \/>\n<meta property=\"og:url\" content=\"https:\/\/vallrovi.com\/es\/aviso-legal\/\" \/>\n<meta property=\"og:site_name\" content=\"Vallrovi promocions\" \/>\n<meta property=\"article:modified_time\" content=\"2025-08-06T11:32:02+00:00\" \/>\n<meta name=\"twitter:card\" content=\"summary_large_image\" \/>\n<meta name=\"twitter:label1\" content=\"Tiempo de lectura\" \/>\n\t<meta name=\"twitter:data1\" content=\"8 minutos\" \/>\n<script type=\"application\/ld+json\" class=\"yoast-schema-graph\">{\"@context\":\"https:\\\/\\\/schema.org\",\"@graph\":[{\"@type\":\"WebPage\",\"@id\":\"https:\\\/\\\/vallrovi.com\\\/es\\\/aviso-legal\\\/\",\"url\":\"https:\\\/\\\/vallrovi.com\\\/es\\\/aviso-legal\\\/\",\"name\":\"Aviso legal - Vallrovi promocions\",\"isPartOf\":{\"@id\":\"https:\\\/\\\/vallrovi.com\\\/es\\\/#website\"},\"datePublished\":\"2025-08-06T08:47:29+00:00\",\"dateModified\":\"2025-08-06T11:32:02+00:00\",\"breadcrumb\":{\"@id\":\"https:\\\/\\\/vallrovi.com\\\/es\\\/aviso-legal\\\/#breadcrumb\"},\"inLanguage\":\"es\",\"potentialAction\":[{\"@type\":\"ReadAction\",\"target\":[\"https:\\\/\\\/vallrovi.com\\\/es\\\/aviso-legal\\\/\"]}]},{\"@type\":\"BreadcrumbList\",\"@id\":\"https:\\\/\\\/vallrovi.com\\\/es\\\/aviso-legal\\\/#breadcrumb\",\"itemListElement\":[{\"@type\":\"ListItem\",\"position\":1,\"name\":\"Inici\",\"item\":\"https:\\\/\\\/vallrovi.com\\\/es\\\/inicio\\\/\"},{\"@type\":\"ListItem\",\"position\":2,\"name\":\"Aviso legal\"}]},{\"@type\":\"WebSite\",\"@id\":\"https:\\\/\\\/vallrovi.com\\\/es\\\/#website\",\"url\":\"https:\\\/\\\/vallrovi.com\\\/es\\\/\",\"name\":\"Vallrovi promocions\",\"description\":\"Cases fetes a la vostra mida\",\"potentialAction\":[{\"@type\":\"SearchAction\",\"target\":{\"@type\":\"EntryPoint\",\"urlTemplate\":\"https:\\\/\\\/vallrovi.com\\\/es\\\/?s={search_term_string}\"},\"query-input\":{\"@type\":\"PropertyValueSpecification\",\"valueRequired\":true,\"valueName\":\"search_term_string\"}}],\"inLanguage\":\"es\"}]}<\/script>\n<!-- \/ Yoast SEO plugin. -->","yoast_head_json":{"title":"Aviso legal - Vallrovi promocions","robots":{"index":"index","follow":"follow","max-snippet":"max-snippet:-1","max-image-preview":"max-image-preview:large","max-video-preview":"max-video-preview:-1"},"canonical":"https:\/\/vallrovi.com\/es\/aviso-legal\/","og_locale":"es_ES","og_type":"article","og_title":"Aviso legal - Vallrovi promocions","og_url":"https:\/\/vallrovi.com\/es\/aviso-legal\/","og_site_name":"Vallrovi promocions","article_modified_time":"2025-08-06T11:32:02+00:00","twitter_card":"summary_large_image","twitter_misc":{"Tiempo de lectura":"8 minutos"},"schema":{"@context":"https:\/\/schema.org","@graph":[{"@type":"WebPage","@id":"https:\/\/vallrovi.com\/es\/aviso-legal\/","url":"https:\/\/vallrovi.com\/es\/aviso-legal\/","name":"Aviso legal - Vallrovi promocions","isPartOf":{"@id":"https:\/\/vallrovi.com\/es\/#website"},"datePublished":"2025-08-06T08:47:29+00:00","dateModified":"2025-08-06T11:32:02+00:00","breadcrumb":{"@id":"https:\/\/vallrovi.com\/es\/aviso-legal\/#breadcrumb"},"inLanguage":"es","potentialAction":[{"@type":"ReadAction","target":["https:\/\/vallrovi.com\/es\/aviso-legal\/"]}]},{"@type":"BreadcrumbList","@id":"https:\/\/vallrovi.com\/es\/aviso-legal\/#breadcrumb","itemListElement":[{"@type":"ListItem","position":1,"name":"Inici","item":"https:\/\/vallrovi.com\/es\/inicio\/"},{"@type":"ListItem","position":2,"name":"Aviso legal"}]},{"@type":"WebSite","@id":"https:\/\/vallrovi.com\/es\/#website","url":"https:\/\/vallrovi.com\/es\/","name":"Vallrovi promocions","description":"Cases fetes a la vostra mida","potentialAction":[{"@type":"SearchAction","target":{"@type":"EntryPoint","urlTemplate":"https:\/\/vallrovi.com\/es\/?s={search_term_string}"},"query-input":{"@type":"PropertyValueSpecification","valueRequired":true,"valueName":"search_term_string"}}],"inLanguage":"es"}]}},"_links":{"self":[{"href":"https:\/\/vallrovi.com\/es\/wp-json\/wp\/v2\/pages\/1672","targetHints":{"allow":["GET"]}}],"collection":[{"href":"https:\/\/vallrovi.com\/es\/wp-json\/wp\/v2\/pages"}],"about":[{"href":"https:\/\/vallrovi.com\/es\/wp-json\/wp\/v2\/types\/page"}],"author":[{"embeddable":true,"href":"https:\/\/vallrovi.com\/es\/wp-json\/wp\/v2\/users\/3"}],"replies":[{"embeddable":true,"href":"https:\/\/vallrovi.com\/es\/wp-json\/wp\/v2\/comments?post=1672"}],"version-history":[{"count":4,"href":"https:\/\/vallrovi.com\/es\/wp-json\/wp\/v2\/pages\/1672\/revisions"}],"predecessor-version":[{"id":1838,"href":"https:\/\/vallrovi.com\/es\/wp-json\/wp\/v2\/pages\/1672\/revisions\/1838"}],"wp:attachment":[{"href":"https:\/\/vallrovi.com\/es\/wp-json\/wp\/v2\/media?parent=1672"}],"curies":[{"name":"wp","href":"https:\/\/api.w.org\/{rel}","templated":true}]}}