{"id":1678,"date":"2025-08-06T08:48:03","date_gmt":"2025-08-06T08:48:03","guid":{"rendered":"https:\/\/vallrovi.com\/politica-de-privacidad\/"},"modified":"2025-08-06T11:33:04","modified_gmt":"2025-08-06T11:33:04","slug":"politica-de-privacidad","status":"publish","type":"page","link":"https:\/\/vallrovi.com\/es\/politica-de-privacidad\/","title":{"rendered":"Pol\u00edtica de privacidad"},"content":{"rendered":"<div  class='flex_column av-245iz-40da7f7c483aa7767d92e6a5cb15979d av_one_full  avia-builder-el-0  avia-builder-el-no-sibling  first flex_column_div  '     ><p>\n<style type=\"text\/css\" data-created_by=\"avia_inline_auto\" id=\"style-css-av-otgf-8b9e9c116c633458b00767ff670b6c72\">\n#top .av-special-heading.av-otgf-8b9e9c116c633458b00767ff670b6c72{\npadding-bottom:10px;\n}\nbody .av-special-heading.av-otgf-8b9e9c116c633458b00767ff670b6c72 .av-special-heading-tag .heading-char{\nfont-size:25px;\n}\n.av-special-heading.av-otgf-8b9e9c116c633458b00767ff670b6c72 .av-subheading{\nfont-size:15px;\n}\n<\/style>\n<div  class='av-special-heading av-otgf-8b9e9c116c633458b00767ff670b6c72 av-special-heading-h1 blockquote modern-quote  avia-builder-el-1  el_before_av_textblock  avia-builder-el-first '><h1 class='av-special-heading-tag '  itemprop=\"headline\"  >Pol\u00edtica de privacidad<\/h1><div class=\"special-heading-border\"><div class=\"special-heading-inner-border\"><\/div><\/div><\/div><br \/>\n<section  class='av_textblock_section av-11b5b-ba4a6df4b0b9b9a8302fb4a4eec07f3f '   itemscope=\"itemscope\" itemtype=\"https:\/\/schema.org\/CreativeWork\" ><div class='avia_textblock'  itemprop=\"text\" ><p>El presente documento de Tratamiento de Datos Personales tiene por objeto dar a conocer el m\u00e9todo en que se recogen, tratan y protegen los datos de car\u00e1cter personal recogidos a trav\u00e9s del sitio web, con la finalidad de que los usuarios determinen libre y voluntariamente si desean facilitar sus datos personales a trav\u00e9s del presente sitio web.<\/p>\n<p>El acceso y uso del sitio web, \u201cuna vez dado el consentimiento expreso marcando la correspondiente casilla por parte del\u201d usuario, implica la plena aceptaci\u00f3n del presente documento sobre Tratamiento de Datos Personales y \u201cse obliga a cumplir en su totalidad los t\u00e9rminos y condiciones recogidos en el mismo. Por tanto, el\u201d usuario debe leer atentamente el presente documento en cada una de las ocasiones en que se proponga utilizar el sitio web, ya que este puede tener modificaciones.<\/p>\n<p>El presente documento ser\u00e1 v\u00e1lido \u00fanicamente para los datos de car\u00e1cter personal obtenidos desde el sitio web, y no es aplicable para aquella informaci\u00f3n recogida por terceros en otras p\u00e1ginas web, incluso si estas se encuentran enlazadas desde este mismo sitio web.<\/p>\n<h3>\u00bfQui\u00e9n es el responsable del tratamiento de sus datos?<\/h3>\n<p>El responsable de los datos es Vallrovi, SL<\/p>\n<ul>\n<li>Su denominaci\u00f3n social es: Vallrovi, SL<\/li>\n<li>Su nombre comercial es: Vallrovi.<\/li>\n<li>Su CIF es: B-60847670.<\/li>\n<li>Su domicilio social es: c\/ dels Ametllers, 14 (08670 Nav\u00e0s)<\/li>\n<li>Est\u00e1 inscrita en el Registro Mercantil de Barcelona<\/li>\n<\/ul>\n<p>Vallrovi, SL le informa que estos datos ser\u00e1n tratados de conformidad con lo dispuesto en las normativas vigentes en protecci\u00f3n de datos personales, el Reglamento (UE) 2016\/679 de 27 d \u201ce abril de 2016 (RGPD). Por lo que se le facilita la siguiente informaci\u00f3n del\u201d tratamiento:<\/p>\n<h3>\u00bfCon qu\u00e9 finalidad tratamos sus datos personales?<\/h3>\n<p>Tratamos la informaci\u00f3n que nos facilitan las personas interesadas para realizar la prospecci\u00f3n d \u201ce env\u00edo de comunicaciones comerciales en base al\u201d inter\u00e9s demostrado sobre nuestros productos y servicios.<\/p>\n<h3>\u00bfPor cu\u00e1nto tiempo conservaremos sus datos?<\/h3>\n<p>Los datos se conservar\u00e1n durante 10 a\u00f1os.<\/p>\n<h3>\u00bfCu\u00e1l es la legitimaci\u00f3n para el tratamiento de sus datos?<\/h3>\n<p>Los datos personales que tratamos en Vallrovi, SL proceden del propio interesado, quien ha aceptado el consentimiento t\u00e1cito conforme se pueden utilizar los datos para las finalidades mencionadas.<\/p>\n<h3>\u00bfA qui\u00e9n se ceder\u00e1n sus datos?<\/h3>\n<p>No se ceder\u00e1n los datos a terceros, excepto en casos de obligaci\u00f3n legal.<\/p>\n<h3>\u00bfTransferencias de datos a terceros pa\u00edses?<\/h3>\n<p>No est\u00e1n previstas las transferencias de datos a terceros pa\u00edses.<\/p>\n<h3>\u00bfCu\u00e1les son sus derechos cuando nos facilita sus datos?<\/h3>\n<p>Tiene derecho a obtener confirmaci\u00f3n sobre si en Vallrovi, SL estamos tratando datos personales que le conciernan, o no.<\/p>\n<p>Las personas interesadas tienen derecho a acceder a sus datos personales, as\u00ed como a solicitar la rectificaci\u00f3n de los datos inexactos o, en su caso, solicitar su supresi\u00f3n cuando, entre otros motivos, los datos ya no sean necesarios para los fines que fueron recogidos.<\/p>\n<p>En determinadas circunstancias, los interesados podr\u00e1n solicitar la limitaci\u00f3n del tratamiento de sus datos, en cuyo caso \u00fanicamente los conservaremos para el ejercicio o la defensa de reclamaciones.<\/p>\n<p>En determinadas circunstancias y por motivos relacionados con su situaci\u00f3n particular, los interesados podr\u00e1n oponerse al tratamiento de sus datos. En este caso, Vallrovi, SL dejar\u00e1 de tratar los datos, salvo por motivos leg\u00edtimos imperiosos, o el ejercicio o la defensa de posibles reclamaciones.<\/p>\n<p>Usted podr\u00e1 ejercer materialmente sus derechos de la siguiente manera: Tiene derecho a acceder, rectificar y suprimir los datos, as\u00ed como otros derechos, indicados en la informaci\u00f3n adicional, que puede ejercer dirigi\u00e9ndose a la direcci\u00f3n del responsable del tratamiento.<\/p>\n<p>Si ha otorgado su consentimiento para alguna finalidad concreta, tiene derecho a retirar el consentimiento otorgado en cualquier momento, sin que ello afecte a la licitud del tratamiento basado en el consentimiento previo a su retirada.<\/p>\n<p>En caso de que sienta vulnerados sus derechos en lo concerniente a la protecci\u00f3n de sus datos personales, especialmente cuando no haya obtenido satisfacci\u00f3n en \u201cel ejercicio de sus derechos, puede presentar una reclamaci\u00f3n ante la\u201d Autoridad de Control en materia de protecci\u00f3n de datos competente a trav\u00e9s de su sitio web: www.agpd.es.<\/p>\n<h3>\u00bfQu\u00e9 datos se guardan en nuestros sistemas?<\/h3>\n<p>Las categor\u00edas de datos que se tratan son:<\/p>\n<ul>\n<li>Datos identificativos.<\/li>\n<li>Direcciones postales y electr\u00f3nicas.<\/li>\n<li>Informaci\u00f3n comercial.<\/li>\n<\/ul>\n<p>No se tratan categor\u00edas especiales de datos personales (son aquellos datos que revelen \u201cel origen \u00e9tnico o racial, las opiniones pol\u00edticas, las convicciones religiosas o filos\u00f3ficas, o la\u201d afiliaci\u00f3n sindical, datos gen\u00e9ticos, datos biom\u00e9tricos dirigidos a identificar de manera un\u00edvoca a una persona f\u00edsica, datos relativos a la salud o datos relativos a la vida sexual o \u201corientaci\u00f3n sexual de\u201d una persona f\u00edsica).<\/p>\n<h2>Pol\u00edtica de cookies<\/h2>\n<h3>\u00bfQu\u00e9 son las cookies?<\/h3>\n<p>Una cookie es un fichero que se descarga en su ordenador al acceder a determinadas p\u00e1ginas web. Las cookies permiten a una p\u00e1gina web, entre otras cosas, almacenar y recuperar informaci\u00f3n sobre h\u00e1bitos de navegaci\u00f3n d \u201ce un usuario o de su equipo y, dependiendo de la informaci\u00f3n que contengan y de la forma que utilice su equipo, se pueden utilizar para reconocer al\u201d usuario.<\/p>\n<h3>\u00bfPara qu\u00e9 utiliza las cookies esta p\u00e1gina web y cu\u00e1les son?<\/h3>\n<p>Esta p\u00e1gina web utiliza las cookies para una serie de finalidades, el detalle de las cookies utilizadas en esta p\u00e1gina web es el siguiente:<\/p>\n<table>\n<tbody>\n<tr>\n<td width=\"79\"><strong>Cookies<\/strong><\/td>\n<td width=\"62\"><strong>Nombre<\/strong><\/td>\n<td width=\"69\"><strong>Tipo<\/strong><\/td>\n<td width=\"339\"><strong>Prop\u00f3sito<\/strong><\/td>\n<td width=\"123\"><strong>M\u00e1s informaci\u00f3n<\/strong><\/td>\n<\/tr>\n<tr>\n<td width=\"79\">_ga<\/td>\n<td width=\"62\">Google Analytics<\/td>\n<td width=\"69\">de terceros<\/td>\n<td width=\"339\">Este nombre de la cookie est\u00e1 asociado con Google Universal Analytics, que es una actualizaci\u00f3n significativa del servicio d \u201ce an\u00e1lisis de Google m\u00e1s utilizado. Esta cookie s\u201d e utiliza para distinguir usuarios \u00fanicos asignando un n\u00famero generado aleatoriamente como identificador del cliente. S \u201ce incluye en cada solicitud de p\u00e1gina de\u201d un sitio y s \u201ce utiliza para calcular los datos de visitantes, sesiones y campa\u00f1as para los informes de\u201d an\u00e1lisis de sitios. Por defecto, esta caducar\u00e1 despu\u00e9s de 2 a\u00f1os, aunque esto sea personalizable por los propietarios del sitio web.<\/td>\n<td width=\"123\"><a href=\"https:\/\/marketingplatform.google.com\/about\/analytics\/\">https:\/\/marketingplatform.google.com\/about\/analytics\/<\/a><\/td>\n<\/tr>\n<tr>\n<td width=\"79\">_gid<\/td>\n<td width=\"62\">Google Analytics<\/td>\n<td width=\"69\">de terceros<\/td>\n<td width=\"339\">Este nombre de la cookie est\u00e1 asociado con Google Universal Analytics. Esta es una nueva cookie que almacena y actualiza un valor \u00fanico para cada p\u00e1gina visitada.<\/td>\n<td width=\"123\"><a href=\"https:\/\/marketingplatform.google.com\/about\/analytics\/\">https:\/\/marketingplatform.google.com\/about\/analytics\/<\/a><\/td>\n<\/tr>\n<tr>\n<td width=\"79\">_gat<\/td>\n<td width=\"62\">Google Analytics<\/td>\n<td width=\"69\">de terceros<\/td>\n<td width=\"339\">Cookie asociada a Google Universal Analytics, se utiliza para acelerar el porcentaje de solicitudes, limitando la recopilaci\u00f3n de datos en los sitios de tr\u00e1fico elevado. Vence despu\u00e9s de 10 minutos.<\/td>\n<td width=\"123\"><a href=\"https:\/\/marketingplatform.google.com\/about\/analytics\/\">https:\/\/marketingplatform.google.com\/about\/analytics\/<\/a><\/td>\n<\/tr>\n<tr>\n<td width=\"79\">240planD<\/td>\n<td width=\"62\">240planD<\/td>\n<td width=\"69\">propia<\/td>\n<td width=\"339\">Esta es una cookie t\u00e9cnica cuyo uso es espec\u00edfico para nuestro host OVH Roubaix y permite, entre otras cosas, garantizar la distribuci\u00f3n de la carga en servidores.<\/td>\n<td width=\"123\"><\/td>\n<\/tr>\n<tr>\n<td width=\"79\">PHPSESSID<\/td>\n<td width=\"62\">PHPSESSID<\/td>\n<td width=\"69\">propia<\/td>\n<td width=\"339\">Cookie generada por aplicaciones basadas en el lenguaje PHP. Este es un identificador de prop\u00f3sito general utilizado para mantener las variables de sesi\u00f3n del usuario. Normalmente es un n\u00famero generado aleatoriamente, la forma en que s \u201ce utiliza puede ser espec\u00edfica del sitio, pero un ejemplo com\u00fan es el de mantener un estado de\u201d usuario registrado d \u201ce\u201d un usuario entre p\u00e1ginas.<\/td>\n<td width=\"123\"><a href=\"http:\/\/php.net\/manual\/en\/function.session-id.php\">http:\/\/php.net\/manual\/en\/function.session-id.php<\/a><\/td>\n<\/tr>\n<tr>\n<td width=\"79\">aviaCookieConsent<\/td>\n<td width=\"62\">aviaCookieConsent<\/td>\n<td width=\"69\">propia<\/td>\n<td width=\"339\">Cookie que almacena la aceptaci\u00f3n o no del usuario a continuar navegando en la p\u00e1gina web.<\/td>\n<td width=\"123\"><\/td>\n<\/tr>\n<tr>\n<td width=\"79\">wordpress_test_cookie<\/td>\n<td width=\"62\">wordpress_test_cookie<\/td>\n<td width=\"69\">propia<\/td>\n<td width=\"339\">Esta cookie se utiliza para que el gestor de contenidos WordPress compruebe si el navegador tiene las cookies activadas<\/td>\n<td width=\"123\"><\/td>\n<\/tr>\n<tr>\n<td width=\"79\">wordpress_logged_in_<\/td>\n<td width=\"62\">wordpress_logged_in_<\/td>\n<td width=\"69\">propia<\/td>\n<td width=\"339\">Despu\u00e9s del login, WordPress activa la cookie wordpress_logged_in_, la funci\u00f3n es indicar cu\u00e1ndo se ha conectado y qui\u00e9n es, siendo utilizado por la interfaz de WordPress.<\/td>\n<td width=\"123\"><\/td>\n<\/tr>\n<tr>\n<td width=\"79\">wp-settings-time-X, wp-settings-X<\/td>\n<td width=\"62\">wp-settings-time-X, wp-settings-X<\/td>\n<td width=\"69\">propia<\/td>\n<td width=\"339\">Estas cookies son utilizadas por WordPress para personalizar la interfaz de usuario.<\/td>\n<td width=\"123\"><\/td>\n<\/tr>\n<\/tbody>\n<\/table>\n<p>Nota: Las cookies de tipo &#8216;propias&#8217; son utilizadas solo por el propietario de esta web y las cookies &#8216;De terceros&#8217; son utilizadas, por el prestador del servicio que est\u00e1 detallado en el cuadro anterior.<\/p>\n<h4>\u00bfC\u00f3mo puedo desactivar o eliminar estas cookies?<\/h4>\n<p>Puede usted permitir, bloquear o eliminar las cookies instaladas en su equipo mediante la configuraci\u00f3n de las opciones del navegador en su ordenador:<\/p>\n<ul>\n<li>Firefox: <a href=\"http:\/\/support.mozilla.org\/es\/kb\/habilitar-y-deshabilitar-cookies-que-los-sitios-we\">http:\/\/support.mozilla.org\/es\/kb\/habilitar-y-deshabilitar-cookies-que-los-sitios-we<\/a><\/li>\n<li>Chrome: <a href=\"http:\/\/support.google.com\/chrome\/bin\/answer.py?hl=es&amp;answer=95647\">http:\/\/support.google.com\/chrome\/bin\/answer.py?hl=es&amp;answer=95647<\/a><\/li>\n<li>Explorer: <a href=\"http:\/\/windows.microsoft.com\/es-es\/windows7\/how-to-manage-cookies-in-internet-explorer-9\">http:\/\/windows.microsoft.com\/es-es\/windows7\/how-to-manage-cookies-in-internet-explorer-9<\/a><\/li>\n<li>Safari: <a href=\"http:\/\/support.apple.com\/kb\/ph5042\">http:\/\/support.apple.com\/kb\/ph5042<\/a><\/li>\n<li>Opera: <a href=\"https:\/\/www.opera.com\/help\/tutorials\/security\/privacy\">https:\/\/www.opera.com\/help\/tutorials\/security\/privacy<\/a><\/li>\n<li>Otros navegadores: Consulte la documentaci\u00f3n del navegador que tenga instalado.<\/li>\n<\/ul>\n<h4>Complemento de inhabilitaci\u00f3n para navegadores de Google Analytics<\/h4>\n<p>Si desea rechazar las cookies anal\u00edticas de Google Analytics en todos los navegadores, de manera que no s \u201ce env\u00ede informaci\u00f3n suya a Google Analytics, puede descargar un complemento que realiza esta funci\u00f3n desde\u201d este enlace: <a href=\"https:\/\/tools.google.com\/dlpage\/gaoptout\">https:\/\/tools.google.com\/dlpage\/gaoptout<\/a>.<\/p>\n<\/div><\/section><\/p><\/div>\n","protected":false},"excerpt":{"rendered":"","protected":false},"author":3,"featured_media":0,"parent":0,"menu_order":0,"comment_status":"closed","ping_status":"closed","template":"","meta":{"footnotes":""},"class_list":["post-1678","page","type-page","status-publish","hentry"],"yoast_head":"<!-- This site is optimized with the Yoast SEO plugin v27.5 - https:\/\/yoast.com\/product\/yoast-seo-wordpress\/ -->\n<title>Pol\u00edtica de privacidad - Vallrovi promocions<\/title>\n<meta name=\"robots\" content=\"index, follow, max-snippet:-1, max-image-preview:large, max-video-preview:-1\" \/>\n<link rel=\"canonical\" href=\"https:\/\/vallrovi.com\/es\/politica-de-privacidad\/\" \/>\n<meta property=\"og:locale\" content=\"es_ES\" \/>\n<meta property=\"og:type\" content=\"article\" \/>\n<meta property=\"og:title\" content=\"Pol\u00edtica de privacidad - Vallrovi promocions\" \/>\n<meta property=\"og:url\" content=\"https:\/\/vallrovi.com\/es\/politica-de-privacidad\/\" \/>\n<meta property=\"og:site_name\" content=\"Vallrovi promocions\" \/>\n<meta property=\"article:modified_time\" content=\"2025-08-06T11:33:04+00:00\" \/>\n<meta name=\"twitter:card\" content=\"summary_large_image\" \/>\n<meta name=\"twitter:label1\" content=\"Tiempo de lectura\" \/>\n\t<meta name=\"twitter:data1\" content=\"8 minutos\" \/>\n<script type=\"application\/ld+json\" class=\"yoast-schema-graph\">{\"@context\":\"https:\\\/\\\/schema.org\",\"@graph\":[{\"@type\":\"WebPage\",\"@id\":\"https:\\\/\\\/vallrovi.com\\\/es\\\/politica-de-privacidad\\\/\",\"url\":\"https:\\\/\\\/vallrovi.com\\\/es\\\/politica-de-privacidad\\\/\",\"name\":\"Pol\u00edtica de privacidad - Vallrovi promocions\",\"isPartOf\":{\"@id\":\"https:\\\/\\\/vallrovi.com\\\/es\\\/#website\"},\"datePublished\":\"2025-08-06T08:48:03+00:00\",\"dateModified\":\"2025-08-06T11:33:04+00:00\",\"breadcrumb\":{\"@id\":\"https:\\\/\\\/vallrovi.com\\\/es\\\/politica-de-privacidad\\\/#breadcrumb\"},\"inLanguage\":\"es\",\"potentialAction\":[{\"@type\":\"ReadAction\",\"target\":[\"https:\\\/\\\/vallrovi.com\\\/es\\\/politica-de-privacidad\\\/\"]}]},{\"@type\":\"BreadcrumbList\",\"@id\":\"https:\\\/\\\/vallrovi.com\\\/es\\\/politica-de-privacidad\\\/#breadcrumb\",\"itemListElement\":[{\"@type\":\"ListItem\",\"position\":1,\"name\":\"Inici\",\"item\":\"https:\\\/\\\/vallrovi.com\\\/es\\\/inicio\\\/\"},{\"@type\":\"ListItem\",\"position\":2,\"name\":\"Pol\u00edtica de privacidad\"}]},{\"@type\":\"WebSite\",\"@id\":\"https:\\\/\\\/vallrovi.com\\\/es\\\/#website\",\"url\":\"https:\\\/\\\/vallrovi.com\\\/es\\\/\",\"name\":\"Vallrovi promocions\",\"description\":\"Cases fetes a la vostra mida\",\"potentialAction\":[{\"@type\":\"SearchAction\",\"target\":{\"@type\":\"EntryPoint\",\"urlTemplate\":\"https:\\\/\\\/vallrovi.com\\\/es\\\/?s={search_term_string}\"},\"query-input\":{\"@type\":\"PropertyValueSpecification\",\"valueRequired\":true,\"valueName\":\"search_term_string\"}}],\"inLanguage\":\"es\"}]}<\/script>\n<!-- \/ Yoast SEO plugin. -->","yoast_head_json":{"title":"Pol\u00edtica de privacidad - Vallrovi promocions","robots":{"index":"index","follow":"follow","max-snippet":"max-snippet:-1","max-image-preview":"max-image-preview:large","max-video-preview":"max-video-preview:-1"},"canonical":"https:\/\/vallrovi.com\/es\/politica-de-privacidad\/","og_locale":"es_ES","og_type":"article","og_title":"Pol\u00edtica de privacidad - Vallrovi promocions","og_url":"https:\/\/vallrovi.com\/es\/politica-de-privacidad\/","og_site_name":"Vallrovi promocions","article_modified_time":"2025-08-06T11:33:04+00:00","twitter_card":"summary_large_image","twitter_misc":{"Tiempo de lectura":"8 minutos"},"schema":{"@context":"https:\/\/schema.org","@graph":[{"@type":"WebPage","@id":"https:\/\/vallrovi.com\/es\/politica-de-privacidad\/","url":"https:\/\/vallrovi.com\/es\/politica-de-privacidad\/","name":"Pol\u00edtica de privacidad - Vallrovi promocions","isPartOf":{"@id":"https:\/\/vallrovi.com\/es\/#website"},"datePublished":"2025-08-06T08:48:03+00:00","dateModified":"2025-08-06T11:33:04+00:00","breadcrumb":{"@id":"https:\/\/vallrovi.com\/es\/politica-de-privacidad\/#breadcrumb"},"inLanguage":"es","potentialAction":[{"@type":"ReadAction","target":["https:\/\/vallrovi.com\/es\/politica-de-privacidad\/"]}]},{"@type":"BreadcrumbList","@id":"https:\/\/vallrovi.com\/es\/politica-de-privacidad\/#breadcrumb","itemListElement":[{"@type":"ListItem","position":1,"name":"Inici","item":"https:\/\/vallrovi.com\/es\/inicio\/"},{"@type":"ListItem","position":2,"name":"Pol\u00edtica de privacidad"}]},{"@type":"WebSite","@id":"https:\/\/vallrovi.com\/es\/#website","url":"https:\/\/vallrovi.com\/es\/","name":"Vallrovi promocions","description":"Cases fetes a la vostra mida","potentialAction":[{"@type":"SearchAction","target":{"@type":"EntryPoint","urlTemplate":"https:\/\/vallrovi.com\/es\/?s={search_term_string}"},"query-input":{"@type":"PropertyValueSpecification","valueRequired":true,"valueName":"search_term_string"}}],"inLanguage":"es"}]}},"_links":{"self":[{"href":"https:\/\/vallrovi.com\/es\/wp-json\/wp\/v2\/pages\/1678","targetHints":{"allow":["GET"]}}],"collection":[{"href":"https:\/\/vallrovi.com\/es\/wp-json\/wp\/v2\/pages"}],"about":[{"href":"https:\/\/vallrovi.com\/es\/wp-json\/wp\/v2\/types\/page"}],"author":[{"embeddable":true,"href":"https:\/\/vallrovi.com\/es\/wp-json\/wp\/v2\/users\/3"}],"replies":[{"embeddable":true,"href":"https:\/\/vallrovi.com\/es\/wp-json\/wp\/v2\/comments?post=1678"}],"version-history":[{"count":3,"href":"https:\/\/vallrovi.com\/es\/wp-json\/wp\/v2\/pages\/1678\/revisions"}],"predecessor-version":[{"id":1841,"href":"https:\/\/vallrovi.com\/es\/wp-json\/wp\/v2\/pages\/1678\/revisions\/1841"}],"wp:attachment":[{"href":"https:\/\/vallrovi.com\/es\/wp-json\/wp\/v2\/media?parent=1678"}],"curies":[{"name":"wp","href":"https:\/\/api.w.org\/{rel}","templated":true}]}}